{"id":6268,"date":"2024-06-14T12:59:07","date_gmt":"2024-06-14T10:59:07","guid":{"rendered":"https:\/\/eseapropulsion.com\/declaracion-de-accesibilidad\/"},"modified":"2024-06-15T20:45:32","modified_gmt":"2024-06-15T18:45:32","slug":"declaracion-de-accesibilidad","status":"publish","type":"page","link":"https:\/\/eseapropulsion.com\/es\/declaracion-de-accesibilidad\/","title":{"rendered":"Declaraci\u00f3n de accesibilidad"},"content":{"rendered":"[vc_row type=\u00bbin_container\u00bb full_screen_row_position=\u00bbmiddle\u00bb column_margin=\u00bbdefault\u00bb column_direction=\u00bbdefault\u00bb column_direction_tablet=\u00bbdefault\u00bb column_direction_phone=\u00bbdefault\u00bb scene_position=\u00bbcenter\u00bb text_color=\u00bbdark\u00bb text_align=\u00bbleft\u00bb row_border_radius=\u00bbnone\u00bb row_border_radius_applies=\u00bbbg\u00bb overflow=\u00bbvisible\u00bb overlay_strength=\u00bb0.3&#8243; gradient_direction=\u00bbleft_to_right\u00bb shape_divider_position=\u00bbbottom\u00bb bg_image_animation=\u00bbnone\u00bb][vc_column column_padding=\u00bbno-extra-padding\u00bb column_padding_tablet=\u00bbinherit\u00bb column_padding_phone=\u00bbinherit\u00bb column_padding_position=\u00bball\u00bb column_element_direction_desktop=\u00bbdefault\u00bb column_element_spacing=\u00bbdefault\u00bb desktop_text_alignment=\u00bbdefault\u00bb tablet_text_alignment=\u00bbdefault\u00bb phone_text_alignment=\u00bbdefault\u00bb background_color_opacity=\u00bb1&#8243; background_hover_color_opacity=\u00bb1&#8243; column_backdrop_filter=\u00bbnone\u00bb column_shadow=\u00bbnone\u00bb column_border_radius=\u00bbnone\u00bb column_link_target=\u00bb_self\u00bb column_position=\u00bbdefault\u00bb gradient_direction=\u00bbleft_to_right\u00bb overlay_strength=\u00bb0.3&#8243; width=\u00bb1\/1&#8243; tablet_width_inherit=\u00bbdefault\u00bb animation_type=\u00bbdefault\u00bb bg_image_animation=\u00bbnone\u00bb border_type=\u00bbsimple\u00bb column_border_width=\u00bbnone\u00bb column_border_style=\u00bbsolid\u00bb][vc_column_text]\r\n\r\n<p data-wahfont=\"15\"><b>DECLARACI\u00d3N DE ACCESIBILIDAD<\/b><\/p>\r\n<p>La presente declaraci\u00f3n de accesibilidad se aplica al sitio web https:\/\/eseapropulsion.com\/\u00a0<\/p>\r\n<p><strong>SITUACI\u00d3N DE CUMPLIMIENTO<\/strong><\/p>\r\n<p>Este sitio web es parcialmente conforme con el\u00a0<a href=\"http:\/\/www.boe.es\/diario_boe\/txt.php?id=BOE-A-2018-12699\"><strong>RD 1112\/2018<\/strong><\/a>\u00a0debido a las excepciones y a la falta de conformidad de los aspectos que se indican en el siguiente punto.<\/p>\r\n<p><strong>CONTENIDO NO ACCESIBLE<\/strong><\/p>\r\n<p>El contenido que se recoge a continuaci\u00f3n no es accesible por lo siguiente:<\/p>\r\n<ul>\r\n<li>Falta de conformidad con el RD 1112\/2018<\/li>\r\n<\/ul>\r\n<p>Podr\u00edan existir algunos aspectos de contraste que no cumplan los m\u00ednimos exigidos, 3:1, con respecto a los colores adyacentes del fondo de la secci\u00f3n de la web en cuesti\u00f3n. [9.1.4.11 Contraste no textual]\r\n<p>Podr\u00edan existir algunas etiquetas o instrucciones no etiquetadas correctamente [9.3.3.2 Etiquetas o instrucciones]\r\n<p>Podr\u00edan existir mensajes de estado que no cumplan con los m\u00ednimos exigidos [9.4.1.3 Mensajes de estado]\r\n<p>Podr\u00edan existir sugerencias ante errores que no cumplan con los m\u00ednimos exigidos [9.3.3.3 Sugerencias ante errores (condicional)]\r\n<p>Podr\u00edan existir fallos en la navegaci\u00f3n secuencial por la p\u00e1gina web afectando a su significado o su operaci\u00f3n [9.2.4.3 Orden del foco]\r\n<ul>\r\n<li>Podr\u00edan existir fallos puntuales de edici\u00f3n en alguna p\u00e1gina web<\/li>\r\n<\/ul>\r\n<p>Carga desproporcionada.\u00a0No aplica.<\/p>\r\n<p><strong>PREPARACI\u00d3N DE LA SIGUIENTE DECLARACI\u00d3N DE ACCESIBILIDAD<\/strong><\/p>\r\n<p>La presente declaraci\u00f3n fue preparada el 14 de junio de 2024.<\/p>\r\n<p>El m\u00e9todo empleado para preparar la declaraci\u00f3n ha sido una autoevaluaci\u00f3n llevada a cabo por la propia empresa.<\/p>\r\n<p><strong>OBSERVACIONES Y DATOS DE CONTACTO<\/strong><\/p>\r\n<p>Puede realizar comunicaciones sobre requisitos de accesibilidad (art\u00edculo 10.2.a del RD 1112\/2018) como, por ejemplo:<\/p>\r\n<ul>\r\n<li>Informar sobre cualquier posible incumplimiento por parte de este sitio web<\/li>\r\n<li>Transmitir otras dificultades de acceso al contenido<\/li>\r\n<li>Formular cualquier otra consulta o sugerencia de mejora relativa a la accesibilidad del sitio web<\/li>\r\n<\/ul>\r\n<p>A trav\u00e9s del email de contacto <a href=\"mailto:info@esearopulsion.com\">info@eseapropulsion.com<\/a><\/p>\r\n<p>Puede presentar:<\/p>\r\n<ul>\r\n<li><strong>Queja\u00a0<\/strong>relativa al cumplimiento de los requisitos del RD 1112\/2018 o<\/li>\r\n<li><strong>Solicitud de Informaci\u00f3n accesible<\/strong>relativa a:<\/li>\r\n<\/ul>\r\n<p>Contenidos\u00a0que est\u00e1n\u00a0excluidos\u00a0del\u00a0\u00e1mbito de aplicaci\u00f3n\u00a0del RD 1112\/2018 seg\u00fan lo establecido por el art\u00edculo 3, apartado 4<\/p>\r\n<p>Contenidos\u00a0que est\u00e1n\u00a0exentos\u00a0del\u00a0cumplimiento\u00a0de los requisitos de accesibilidad por imponer una\u00a0carga desproporcionada.<\/p>\r\n<p>En la Solicitud de informaci\u00f3n accesible, se debe concretar, con toda claridad, los hechos, razones y petici\u00f3n que permitan constatar que se trata de una solicitud razonable y leg\u00edtima.<\/p>\r\n<p>Las quejas y reclamaciones sobre informaci\u00f3n accesible\u00a0se realizar\u00e1n a trav\u00e9s del email anterior.<\/p>\r\n<p><strong>PROCEDIMIENTO DE APLICACI\u00d3N<\/strong><\/p>\r\n<p>Si una vez realizada una solicitud de informaci\u00f3n accesible o queja, \u00e9sta hubiera sido desestimada, no se estuviera de acuerdo con la decisi\u00f3n adoptada, o la respuesta no cumpliera los requisitos contemplados en el art\u00edculo 12.5, la persona interesada podr\u00e1 iniciar una reclamaci\u00f3n. Igualmente se podr\u00e1 iniciar una reclamaci\u00f3n en el caso de que haya transcurrido el plazo de veinte d\u00edas h\u00e1biles sin haber obtenido respuesta.<\/p>\r\n[\/vc_column_text][\/vc_column][\/vc_row][vc_row type=\u00bbin_container\u00bb full_screen_row_position=\u00bbmiddle\u00bb column_margin=\u00bbdefault\u00bb column_direction=\u00bbdefault\u00bb column_direction_tablet=\u00bbdefault\u00bb column_direction_phone=\u00bbdefault\u00bb scene_position=\u00bbcenter\u00bb text_color=\u00bbdark\u00bb text_align=\u00bbleft\u00bb row_border_radius=\u00bbnone\u00bb row_border_radius_applies=\u00bbbg\u00bb overflow=\u00bbvisible\u00bb overlay_strength=\u00bb0.3&#8243; gradient_direction=\u00bbleft_to_right\u00bb shape_divider_position=\u00bbbottom\u00bb bg_image_animation=\u00bbnone\u00bb][vc_column column_padding=\u00bbno-extra-padding\u00bb column_padding_tablet=\u00bbinherit\u00bb column_padding_phone=\u00bbinherit\u00bb column_padding_position=\u00bball\u00bb column_element_direction_desktop=\u00bbdefault\u00bb column_element_spacing=\u00bbdefault\u00bb desktop_text_alignment=\u00bbdefault\u00bb tablet_text_alignment=\u00bbdefault\u00bb phone_text_alignment=\u00bbdefault\u00bb background_color_opacity=\u00bb1&#8243; background_hover_color_opacity=\u00bb1&#8243; column_backdrop_filter=\u00bbnone\u00bb column_shadow=\u00bbnone\u00bb column_border_radius=\u00bbnone\u00bb column_link_target=\u00bb_self\u00bb column_position=\u00bbdefault\u00bb gradient_direction=\u00bbleft_to_right\u00bb overlay_strength=\u00bb0.3&#8243; width=\u00bb1\/1&#8243; tablet_width_inherit=\u00bbdefault\u00bb animation_type=\u00bbdefault\u00bb bg_image_animation=\u00bbnone\u00bb border_type=\u00bbsimple\u00bb column_border_width=\u00bbnone\u00bb column_border_style=\u00bbsolid\u00bb][vc_column_text]\r\n[\/vc_column_text][\/vc_column][\/vc_row]","protected":false},"excerpt":{"rendered":"<p>[vc_row type=\u00bbin_container\u00bb full_screen_row_position=\u00bbmiddle\u00bb column_margin=\u00bbdefault\u00bb column_direction=\u00bbdefault\u00bb column_direction_tablet=\u00bbdefault\u00bb column_direction_phone=\u00bbdefault\u00bb scene_position=\u00bbcenter\u00bb text_color=\u00bbdark\u00bb text_align=\u00bbleft\u00bb row_border_radius=\u00bbnone\u00bb row_border_radius_applies=\u00bbbg\u00bb overflow=\u00bbvisible\u00bb overlay_strength=\u00bb0.3&#8243; gradient_direction=\u00bbleft_to_right\u00bb shape_divider_position=\u00bbbottom\u00bb bg_image_animation=\u00bbnone\u00bb][vc_column column_padding=\u00bbno-extra-padding\u00bb column_padding_tablet=\u00bbinherit\u00bb column_padding_phone=\u00bbinherit\u00bb column_padding_position=\u00bball\u00bb column_element_direction_desktop=\u00bbdefault\u00bb column_element_spacing=\u00bbdefault\u00bb desktop_text_alignment=\u00bbdefault\u00bb tablet_text_alignment=\u00bbdefault\u00bb phone_text_alignment=\u00bbdefault\u00bb background_color_opacity=\u00bb1&#8243; background_hover_color_opacity=\u00bb1&#8243; column_backdrop_filter=\u00bbnone\u00bb column_shadow=\u00bbnone\u00bb&#8230;<\/p>\n","protected":false},"author":1,"featured_media":0,"parent":0,"menu_order":0,"comment_status":"closed","ping_status":"open","template":"","meta":{"om_disable_all_campaigns":false,"_monsterinsights_skip_tracking":false,"_monsterinsights_sitenote_active":false,"_monsterinsights_sitenote_note":"","_monsterinsights_sitenote_category":0,"footnotes":""},"class_list":["post-6268","page","type-page","status-publish"],"aioseo_notices":[],"aioseo_head":"\n\t\t<!-- All in One SEO Pro 4.9.6.2 - aioseo.com -->\n\t<meta name=\"description\" content=\"Bienvenido a la nueva generaci\u00f3n de propulsores el\u00e9ctricos que nos ayudar\u00e1 a conservar el alma de las costas y a proteger su biodiversidad.\" \/>\n\t<meta name=\"robots\" content=\"max-image-preview:large\" \/>\n\t<meta name=\"google-site-verification\" content=\"r1bwMnZ4L2iV99slD9slDGJJhenbr7PqR2UpICO109g\" \/>\n\t<link rel=\"canonical\" href=\"https:\/\/eseapropulsion.com\/es\/declaracion-de-accesibilidad\/\" \/>\n\t<meta name=\"generator\" content=\"All in One SEO Pro (AIOSEO) 4.9.6.2\" \/>\n\t\t<meta property=\"og:locale\" content=\"es_ES\" \/>\n\t\t<meta property=\"og:site_name\" content=\"ESEA Propulsi\u00f3n - New generation of electric outboards\" \/>\n\t\t<meta property=\"og:type\" content=\"article\" \/>\n\t\t<meta property=\"og:title\" content=\"Propulsores el\u00e9ctricos - ESEA - Propulsores el\u00e9ctricos\" \/>\n\t\t<meta property=\"og:description\" content=\"Bienvenido a la nueva generaci\u00f3n de propulsores el\u00e9ctricos que nos ayudar\u00e1 a conservar el alma de las costas y a proteger su biodiversidad.\" \/>\n\t\t<meta property=\"og:url\" content=\"https:\/\/eseapropulsion.com\/es\/declaracion-de-accesibilidad\/\" \/>\n\t\t<meta property=\"article:published_time\" content=\"2024-06-14T10:59:07+00:00\" \/>\n\t\t<meta property=\"article:modified_time\" content=\"2024-06-15T18:45:32+00:00\" \/>\n\t\t<meta name=\"twitter:card\" content=\"summary_large_image\" \/>\n\t\t<meta name=\"twitter:title\" content=\"Propulsores el\u00e9ctricos - ESEA - Propulsores el\u00e9ctricos\" \/>\n\t\t<meta name=\"twitter:description\" content=\"Bienvenido a la nueva generaci\u00f3n de propulsores el\u00e9ctricos que nos ayudar\u00e1 a conservar el alma de las costas y a proteger su biodiversidad.\" \/>\n\t\t<script type=\"application\/ld+json\" class=\"aioseo-schema\">\n\t\t\t{\"@context\":\"https:\\\/\\\/schema.org\",\"@graph\":[{\"@type\":\"BreadcrumbList\",\"@id\":\"https:\\\/\\\/eseapropulsion.com\\\/es\\\/declaracion-de-accesibilidad\\\/#breadcrumblist\",\"itemListElement\":[{\"@type\":\"ListItem\",\"@id\":\"https:\\\/\\\/eseapropulsion.com\\\/es\\\/#listItem\",\"position\":1,\"name\":\"Hogar\",\"item\":\"https:\\\/\\\/eseapropulsion.com\\\/es\\\/\",\"nextItem\":{\"@type\":\"ListItem\",\"@id\":\"https:\\\/\\\/eseapropulsion.com\\\/es\\\/declaracion-de-accesibilidad\\\/#listItem\",\"name\":\"Declaraci\\u00f3n de accesibilidad\"}},{\"@type\":\"ListItem\",\"@id\":\"https:\\\/\\\/eseapropulsion.com\\\/es\\\/declaracion-de-accesibilidad\\\/#listItem\",\"position\":2,\"name\":\"Declaraci\\u00f3n de accesibilidad\",\"previousItem\":{\"@type\":\"ListItem\",\"@id\":\"https:\\\/\\\/eseapropulsion.com\\\/es\\\/#listItem\",\"name\":\"Hogar\"}}]},{\"@type\":\"Organization\",\"@id\":\"https:\\\/\\\/eseapropulsion.com\\\/es\\\/#organization\",\"name\":\"ESEA Propulsion Systems\",\"description\":\"New generation of electric outboards\",\"url\":\"https:\\\/\\\/eseapropulsion.com\\\/es\\\/\",\"telephone\":\"+34617110264\",\"logo\":{\"@type\":\"ImageObject\",\"url\":\"https:\\\/\\\/eseapropulsion.com\\\/wp-content\\\/uploads\\\/2024\\\/01\\\/Logotip_ESEA_Azul-Naranja.png\",\"@id\":\"https:\\\/\\\/eseapropulsion.com\\\/es\\\/declaracion-de-accesibilidad\\\/#organizationLogo\",\"width\":2677,\"height\":994,\"caption\":\"Esea Propulsi\\u00f3n\"},\"image\":{\"@id\":\"https:\\\/\\\/eseapropulsion.com\\\/es\\\/declaracion-de-accesibilidad\\\/#organizationLogo\"},\"sameAs\":[\"https:\\\/\\\/www.instagram.com\\\/esea_propulsion\\\/\",\"https:\\\/\\\/www.linkedin.com\\\/company\\\/esea-propulsion-sl\\\/\"]},{\"@type\":\"WebPage\",\"@id\":\"https:\\\/\\\/eseapropulsion.com\\\/es\\\/declaracion-de-accesibilidad\\\/#webpage\",\"url\":\"https:\\\/\\\/eseapropulsion.com\\\/es\\\/declaracion-de-accesibilidad\\\/\",\"name\":\"Propulsores el\\u00e9ctricos - ESEA - Propulsores el\\u00e9ctricos\",\"description\":\"Bienvenido a la nueva generaci\\u00f3n de propulsores el\\u00e9ctricos que nos ayudar\\u00e1 a conservar el alma de las costas y a proteger su biodiversidad.\",\"inLanguage\":\"es-ES\",\"isPartOf\":{\"@id\":\"https:\\\/\\\/eseapropulsion.com\\\/es\\\/#website\"},\"breadcrumb\":{\"@id\":\"https:\\\/\\\/eseapropulsion.com\\\/es\\\/declaracion-de-accesibilidad\\\/#breadcrumblist\"},\"datePublished\":\"2024-06-14T12:59:07+02:00\",\"dateModified\":\"2024-06-15T20:45:32+02:00\"},{\"@type\":\"WebSite\",\"@id\":\"https:\\\/\\\/eseapropulsion.com\\\/es\\\/#website\",\"url\":\"https:\\\/\\\/eseapropulsion.com\\\/es\\\/\",\"name\":\"Esea Propulsi\\u00f3n\",\"alternateName\":\"Esea Propulsi\\u00f3n\",\"description\":\"New generation of electric outboards\",\"inLanguage\":\"es-ES\",\"publisher\":{\"@id\":\"https:\\\/\\\/eseapropulsion.com\\\/es\\\/#organization\"}}]}\n\t\t<\/script>\n\t\t<!-- All in One SEO Pro -->\r\n\t\t<title>Propulsores el\u00e9ctricos - ESEA - Propulsores el\u00e9ctricos<\/title>\n\n","aioseo_head_json":{"title":"Propulsores el\u00e9ctricos - ESEA - Propulsores el\u00e9ctricos","description":"Bienvenido a la nueva generaci\u00f3n de propulsores el\u00e9ctricos que nos ayudar\u00e1 a conservar el alma de las costas y a proteger su biodiversidad.","canonical_url":"https:\/\/eseapropulsion.com\/es\/declaracion-de-accesibilidad\/","robots":"max-image-preview:large","keywords":"","webmasterTools":{"google-site-verification":"r1bwMnZ4L2iV99slD9slDGJJhenbr7PqR2UpICO109g","miscellaneous":""},"schema":{"@context":"https:\/\/schema.org","@graph":[{"@type":"BreadcrumbList","@id":"https:\/\/eseapropulsion.com\/es\/declaracion-de-accesibilidad\/#breadcrumblist","itemListElement":[{"@type":"ListItem","@id":"https:\/\/eseapropulsion.com\/es\/#listItem","position":1,"name":"Hogar","item":"https:\/\/eseapropulsion.com\/es\/","nextItem":{"@type":"ListItem","@id":"https:\/\/eseapropulsion.com\/es\/declaracion-de-accesibilidad\/#listItem","name":"Declaraci\u00f3n de accesibilidad"}},{"@type":"ListItem","@id":"https:\/\/eseapropulsion.com\/es\/declaracion-de-accesibilidad\/#listItem","position":2,"name":"Declaraci\u00f3n de accesibilidad","previousItem":{"@type":"ListItem","@id":"https:\/\/eseapropulsion.com\/es\/#listItem","name":"Hogar"}}]},{"@type":"Organization","@id":"https:\/\/eseapropulsion.com\/es\/#organization","name":"ESEA Propulsion Systems","description":"New generation of electric outboards","url":"https:\/\/eseapropulsion.com\/es\/","telephone":"+34617110264","logo":{"@type":"ImageObject","url":"https:\/\/eseapropulsion.com\/wp-content\/uploads\/2024\/01\/Logotip_ESEA_Azul-Naranja.png","@id":"https:\/\/eseapropulsion.com\/es\/declaracion-de-accesibilidad\/#organizationLogo","width":2677,"height":994,"caption":"Esea Propulsi\u00f3n"},"image":{"@id":"https:\/\/eseapropulsion.com\/es\/declaracion-de-accesibilidad\/#organizationLogo"},"sameAs":["https:\/\/www.instagram.com\/esea_propulsion\/","https:\/\/www.linkedin.com\/company\/esea-propulsion-sl\/"]},{"@type":"WebPage","@id":"https:\/\/eseapropulsion.com\/es\/declaracion-de-accesibilidad\/#webpage","url":"https:\/\/eseapropulsion.com\/es\/declaracion-de-accesibilidad\/","name":"Propulsores el\u00e9ctricos - ESEA - Propulsores el\u00e9ctricos","description":"Bienvenido a la nueva generaci\u00f3n de propulsores el\u00e9ctricos que nos ayudar\u00e1 a conservar el alma de las costas y a proteger su biodiversidad.","inLanguage":"es-ES","isPartOf":{"@id":"https:\/\/eseapropulsion.com\/es\/#website"},"breadcrumb":{"@id":"https:\/\/eseapropulsion.com\/es\/declaracion-de-accesibilidad\/#breadcrumblist"},"datePublished":"2024-06-14T12:59:07+02:00","dateModified":"2024-06-15T20:45:32+02:00"},{"@type":"WebSite","@id":"https:\/\/eseapropulsion.com\/es\/#website","url":"https:\/\/eseapropulsion.com\/es\/","name":"Esea Propulsi\u00f3n","alternateName":"Esea Propulsi\u00f3n","description":"New generation of electric outboards","inLanguage":"es-ES","publisher":{"@id":"https:\/\/eseapropulsion.com\/es\/#organization"}}]},"og:locale":"es_ES","og:site_name":"ESEA Propulsi\u00f3n - New generation of electric outboards","og:type":"article","og:title":"Propulsores el\u00e9ctricos - ESEA - Propulsores el\u00e9ctricos","og:description":"Bienvenido a la nueva generaci\u00f3n de propulsores el\u00e9ctricos que nos ayudar\u00e1 a conservar el alma de las costas y a proteger su biodiversidad.","og:url":"https:\/\/eseapropulsion.com\/es\/declaracion-de-accesibilidad\/","article:published_time":"2024-06-14T10:59:07+00:00","article:modified_time":"2024-06-15T18:45:32+00:00","twitter:card":"summary_large_image","twitter:title":"Propulsores el\u00e9ctricos - ESEA - Propulsores el\u00e9ctricos","twitter:description":"Bienvenido a la nueva generaci\u00f3n de propulsores el\u00e9ctricos que nos ayudar\u00e1 a conservar el alma de las costas y a proteger su biodiversidad."},"aioseo_meta_data":{"post_id":"6268","title":"Propulsores el\u00e9ctricos - ESEA - Propulsores el\u00e9ctricos","description":"Bienvenido a la nueva generaci\u00f3n de propulsores el\u00e9ctricos que nos ayudar\u00e1 a conservar el alma de las costas y a proteger su biodiversidad.","keywords":null,"keyphrases":{"focus":{"keyphrase":"Propulsores el\u00e9ctricos","score":62,"analysis":{"keyphraseInTitle":{"score":9,"maxScore":9,"error":0},"keyphraseInDescription":{"score":9,"maxScore":9,"error":0},"keyphraseLength":{"score":9,"maxScore":9,"error":0,"length":3},"keyphraseInURL":{"score":1,"maxScore":5,"error":1},"keyphraseInIntroduction":{"score":3,"maxScore":9,"error":1},"keyphraseInSubHeadings":[],"keyphraseInImageAlt":[],"keywordDensity":{"score":0,"type":"low","maxScore":9,"error":1}}},"additional":[]},"primary_term":null,"canonical_url":null,"og_title":null,"og_description":null,"og_object_type":"default","og_image_type":"default","og_image_url":null,"og_image_width":null,"og_image_height":null,"og_image_custom_url":null,"og_image_custom_fields":null,"og_video":"","og_custom_url":null,"og_article_section":null,"og_article_tags":null,"twitter_use_og":false,"twitter_card":"default","twitter_image_type":"default","twitter_image_url":null,"twitter_image_custom_url":null,"twitter_image_custom_fields":null,"twitter_title":null,"twitter_description":null,"schema":{"blockGraphs":[],"customGraphs":[],"default":{"data":{"Article":[],"Course":[],"Dataset":[],"FAQPage":[],"Movie":[],"Person":[],"Product":[],"ProductReview":[],"Car":[],"Recipe":[],"Service":[],"SoftwareApplication":[],"WebPage":[]},"graphName":"WebPage","isEnabled":true},"graphs":[]},"schema_type":"default","schema_type_options":null,"pillar_content":false,"robots_default":true,"robots_noindex":false,"robots_noarchive":false,"robots_nosnippet":false,"robots_nofollow":false,"robots_noimageindex":false,"robots_noodp":false,"robots_notranslate":false,"robots_max_snippet":"-1","robots_max_videopreview":"-1","robots_max_imagepreview":"large","priority":null,"frequency":"default","local_seo":null,"seo_analyzer_scan_date":"2025-08-15 18:04:23","breadcrumb_settings":null,"limit_modified_date":false,"reviewed_by":null,"open_ai":"{\"title\":{\"suggestions\":[],\"usage\":0},\"description\":{\"suggestions\":[],\"usage\":0}}","ai":null,"created":"2024-06-15 11:34:24","updated":"2025-10-01 11:42:14"},"aioseo_breadcrumb":"<div class=\"aioseo-breadcrumbs\"><span class=\"aioseo-breadcrumb\">\n\t<a href=\"https:\/\/eseapropulsion.com\/es\/\" title=\"Hogar\">Hogar<\/a>\n<\/span><span class=\"aioseo-breadcrumb-separator\">&raquo;<\/span><span class=\"aioseo-breadcrumb\">\n\tDeclaraci\u00f3n de accesibilidad\n<\/span><\/div>","aioseo_breadcrumb_json":[{"label":"Hogar","link":"https:\/\/eseapropulsion.com\/es\/"},{"label":"Declaraci\u00f3n de accesibilidad","link":"https:\/\/eseapropulsion.com\/es\/declaracion-de-accesibilidad\/"}],"_links":{"self":[{"href":"https:\/\/eseapropulsion.com\/es\/wp-json\/wp\/v2\/pages\/6268","targetHints":{"allow":["GET"]}}],"collection":[{"href":"https:\/\/eseapropulsion.com\/es\/wp-json\/wp\/v2\/pages"}],"about":[{"href":"https:\/\/eseapropulsion.com\/es\/wp-json\/wp\/v2\/types\/page"}],"author":[{"embeddable":true,"href":"https:\/\/eseapropulsion.com\/es\/wp-json\/wp\/v2\/users\/1"}],"replies":[{"embeddable":true,"href":"https:\/\/eseapropulsion.com\/es\/wp-json\/wp\/v2\/comments?post=6268"}],"version-history":[{"count":4,"href":"https:\/\/eseapropulsion.com\/es\/wp-json\/wp\/v2\/pages\/6268\/revisions"}],"predecessor-version":[{"id":6323,"href":"https:\/\/eseapropulsion.com\/es\/wp-json\/wp\/v2\/pages\/6268\/revisions\/6323"}],"wp:attachment":[{"href":"https:\/\/eseapropulsion.com\/es\/wp-json\/wp\/v2\/media?parent=6268"}],"curies":[{"name":"wp","href":"https:\/\/api.w.org\/{rel}","templated":true}]}}